{"id":1419,"date":"2025-11-19T08:49:37","date_gmt":"2025-11-19T07:49:37","guid":{"rendered":"https:\/\/sp23.torun.pl\/2026\/cookie-policy\/"},"modified":"2025-12-12T21:56:13","modified_gmt":"2025-12-12T20:56:13","slug":"polityka-cookies","status":"publish","type":"page","link":"https:\/\/sp23.torun.pl\/2026\/polityka-cookies\/","title":{"rendered":"C-3 Polityka cookies"},"content":{"rendered":"\n<p>Ta strona zawiera kompleksowe informacje o tym, jak u\u017cywamy plik\u00f3w cookie, aby poprawi\u0107 Twoje do\u015bwiadczenie przegl\u0105dania, poprawi\u0107 wydajno\u015b\u0107 i dostarcza\u0107 spersonalizowane tre\u015bci. Ciasteczka to ma\u0142e pliki tekstowe przechowywane na Twoim urz\u0105dzeniu podczas wizyty na naszej stronie. Pomagaj\u0105 nam zrozumie\u0107, jak odwiedzaj\u0105cy wchodz\u0105 w interakcje z nasz\u0105 stron\u0105, co pozwala nam oferowa\u0107 p\u0142ynniejsze i bardziej efektywne do\u015bwiadczenie u\u017cytkownika. W poni\u017cszej tabeli znajdziesz szczeg\u00f3\u0142owe informacje o ka\u017cdym rodzaju ciasteczek, kt\u00f3rych u\u017cywamy, ich przeznaczeniu oraz czasie pozostania na Twoim urz\u0105dzeniu. Zobowi\u0105zujemy si\u0119 do szacunku dla Twojej prywatno\u015bci i zapewnienia przejrzysto\u015bci dotycz\u0105cej danych, kt\u00f3re zbieramy za pomoc\u0105 plik\u00f3w cookie. Aby uzyska\u0107 wi\u0119cej informacji o tym, jak zarz\u0105dzamy Waszymi danymi osobowymi, prosimy o zapoznanie si\u0119 z <a href=\"https:\/\/sp23.torun.pl\/2026\/polityka-prywatnosci\/\">Polityk\u0105 prywatno\u015bci.<\/a><\/p>\n\n\n<div class=\"wpconsent-cookie-policy\"><h2 class=\"wpconsent-cookie-category-name\">Niezb\u0119dne<\/h2><p class=\"wpconsent-cookie-category-description\">Pliki cookie niezb\u0119dne do zapewnienia prawid\u0142owego dzia\u0142ania strony.<\/p><table class=\"wpconsent-cookie-policy-table\"><tr><th>Nazwa<\/th><th>Opis<\/th><th>Czas \u017cycia<\/th><\/tr><tr><td>wpconsent_preferences<\/td><td>To ciasteczko s\u0142u\u017cy do przechowywania preferencji zgody u\u017cytkownika na pliki cookie.<\/td><td>30 dni<\/td><\/tr><\/table><\/div>\n\n\n\n<p><\/p>\n","protected":false},"excerpt":{"rendered":"<p>Ta strona zawiera kompleksowe informacje o tym, jak u\u017cywamy plik\u00f3w cookie, aby poprawi\u0107 Twoje do\u015bwiadczenie przegl\u0105dania, poprawi\u0107 wydajno\u015b\u0107 i dostarcza\u0107 spersonalizowane tre\u015bci. Ciasteczka to ma\u0142e pliki tekstowe przechowywane na Twoim&#8230;<\/p>\n","protected":false},"author":1,"featured_media":0,"parent":0,"menu_order":0,"comment_status":"closed","ping_status":"closed","template":"","meta":{"_kadence_starter_templates_imported_post":false,"_swpsp_post_exclude":false,"_kad_post_transparent":"","_kad_post_title":"","_kad_post_layout":"","_kad_post_sidebar_id":"","_kad_post_content_style":"","_kad_post_vertical_padding":"","_kad_post_feature":"","_kad_post_feature_position":"","_kad_post_header":false,"_kad_post_footer":false,"_kad_post_classname":"","footnotes":""},"class_list":["post-1419","page","type-page","status-publish","hentry"],"_links":{"self":[{"href":"https:\/\/sp23.torun.pl\/2026\/wp-json\/wp\/v2\/pages\/1419","targetHints":{"allow":["GET"]}}],"collection":[{"href":"https:\/\/sp23.torun.pl\/2026\/wp-json\/wp\/v2\/pages"}],"about":[{"href":"https:\/\/sp23.torun.pl\/2026\/wp-json\/wp\/v2\/types\/page"}],"author":[{"embeddable":true,"href":"https:\/\/sp23.torun.pl\/2026\/wp-json\/wp\/v2\/users\/1"}],"replies":[{"embeddable":true,"href":"https:\/\/sp23.torun.pl\/2026\/wp-json\/wp\/v2\/comments?post=1419"}],"version-history":[{"count":6,"href":"https:\/\/sp23.torun.pl\/2026\/wp-json\/wp\/v2\/pages\/1419\/revisions"}],"predecessor-version":[{"id":2396,"href":"https:\/\/sp23.torun.pl\/2026\/wp-json\/wp\/v2\/pages\/1419\/revisions\/2396"}],"wp:attachment":[{"href":"https:\/\/sp23.torun.pl\/2026\/wp-json\/wp\/v2\/media?parent=1419"}],"curies":[{"name":"wp","href":"https:\/\/api.w.org\/{rel}","templated":true}]}}